{"id":43,"date":"2024-03-11T16:22:21","date_gmt":"2024-03-11T16:22:21","guid":{"rendered":"https:\/\/byggdaverk.is\/?page_id=43"},"modified":"2024-03-11T17:19:57","modified_gmt":"2024-03-11T17:19:57","slug":"verkefni","status":"publish","type":"page","link":"https:\/\/byggdaverk.is\/en\/verkefni\/","title":{"rendered":"Projects"},"content":{"rendered":"<div data-elementor-type=\"wp-page\" data-elementor-id=\"43\" class=\"elementor elementor-43\" data-elementor-post-type=\"page\">\n\t\t\t\t<div class=\"elementor-element elementor-element-4c6e0516 e-flex e-con-boxed e-con e-parent\" data-id=\"4c6e0516\" data-element_type=\"container\" data-e-type=\"container\" data-settings=\"{&quot;background_background&quot;:&quot;classic&quot;}\">\n\t\t\t\t\t<div class=\"e-con-inner\">\n\t\t\t\t<div class=\"elementor-element elementor-element-37365102 elementor-widget elementor-widget-heading\" data-id=\"37365102\" data-element_type=\"widget\" data-e-type=\"widget\" data-widget_type=\"heading.default\">\n\t\t\t\t<div class=\"elementor-widget-container\">\n\t\t\t\t\t<h2 class=\"elementor-heading-title elementor-size-default\">Projects<\/h2>\t\t\t\t<\/div>\n\t\t\t\t<\/div>\n\t\t\t\t\t<\/div>\n\t\t\t\t<\/div>\n\t\t<div class=\"elementor-element elementor-element-311b145c e-flex e-con-boxed e-con e-parent\" data-id=\"311b145c\" data-element_type=\"container\" data-e-type=\"container\" data-settings=\"{&quot;background_background&quot;:&quot;classic&quot;}\">\n\t\t\t\t\t<div class=\"e-con-inner\">\n\t\t<div class=\"elementor-element elementor-element-3494a7f4 e-flex e-con-boxed e-con e-child\" data-id=\"3494a7f4\" data-element_type=\"container\" data-e-type=\"container\">\n\t\t\t\t\t<div class=\"e-con-inner\">\n\t\t\t\t<div class=\"elementor-element elementor-element-579e650d elementor-pagination-position-inside elementor-arrows-position-inside elementor-widget elementor-widget-image-carousel\" data-id=\"579e650d\" data-element_type=\"widget\" data-e-type=\"widget\" data-settings=\"{&quot;slides_to_show&quot;:&quot;3&quot;,&quot;slides_to_scroll&quot;:&quot;1&quot;,&quot;image_spacing_custom&quot;:{&quot;unit&quot;:&quot;px&quot;,&quot;size&quot;:25,&quot;sizes&quot;:[]},&quot;navigation&quot;:&quot;both&quot;,&quot;autoplay&quot;:&quot;yes&quot;,&quot;pause_on_hover&quot;:&quot;yes&quot;,&quot;pause_on_interaction&quot;:&quot;yes&quot;,&quot;autoplay_speed&quot;:5000,&quot;infinite&quot;:&quot;yes&quot;,&quot;speed&quot;:500,&quot;image_spacing_custom_tablet&quot;:{&quot;unit&quot;:&quot;px&quot;,&quot;size&quot;:&quot;&quot;,&quot;sizes&quot;:[]},&quot;image_spacing_custom_mobile&quot;:{&quot;unit&quot;:&quot;px&quot;,&quot;size&quot;:&quot;&quot;,&quot;sizes&quot;:[]}}\" data-widget_type=\"image-carousel.default\">\n\t\t\t\t<div class=\"elementor-widget-container\">\n\t\t\t\t\t\t\t<div class=\"elementor-image-carousel-wrapper swiper\" role=\"region\" aria-roledescription=\"carousel\" aria-label=\"Image Carousel\" dir=\"ltr\">\n\t\t\t<div class=\"elementor-image-carousel swiper-wrapper\" aria-live=\"off\">\n\t\t\t\t\t\t\t\t<div class=\"swiper-slide\" role=\"group\" aria-roledescription=\"slide\" aria-label=\"1 of 5\"><figure class=\"swiper-slide-inner\"><img decoding=\"async\" class=\"swiper-slide-image\" src=\"https:\/\/byggdaverk.is\/wp-content\/uploads\/2024\/03\/IMG_20210916_121617-scaled-1.jpg\" alt=\"IMG_20210916_121617-scaled.jpg\" \/><\/figure><\/div><div class=\"swiper-slide\" role=\"group\" aria-roledescription=\"slide\" aria-label=\"2 of 5\"><figure class=\"swiper-slide-inner\"><img decoding=\"async\" class=\"swiper-slide-image\" src=\"https:\/\/byggdaverk.is\/wp-content\/uploads\/2024\/03\/IMG_20210916_190656-scaled-1.jpg\" alt=\"IMG_20210916_190656-scaled.jpg\" \/><\/figure><\/div><div class=\"swiper-slide\" role=\"group\" aria-roledescription=\"slide\" aria-label=\"3 of 5\"><figure class=\"swiper-slide-inner\"><img decoding=\"async\" class=\"swiper-slide-image\" src=\"https:\/\/byggdaverk.is\/wp-content\/uploads\/2024\/03\/IMG_20211104_120617-scaled-1.jpg\" alt=\"IMG_20211104_120617-scaled.jpg\" \/><\/figure><\/div><div class=\"swiper-slide\" role=\"group\" aria-roledescription=\"slide\" aria-label=\"4 of 5\"><figure class=\"swiper-slide-inner\"><img decoding=\"async\" class=\"swiper-slide-image\" src=\"https:\/\/byggdaverk.is\/wp-content\/uploads\/2024\/03\/hr.jpeg\" alt=\"hr.jpeg\" \/><\/figure><\/div><div class=\"swiper-slide\" role=\"group\" aria-roledescription=\"slide\" aria-label=\"5 of 5\"><figure class=\"swiper-slide-inner\"><img decoding=\"async\" class=\"swiper-slide-image\" src=\"https:\/\/byggdaverk.is\/wp-content\/uploads\/2024\/03\/Leikskolinn-Hlidabegi.jpeg\" alt=\"Leikskolinn-Hlidabegi.jpeg\" \/><\/figure><\/div>\t\t\t<\/div>\n\t\t\t\t\t\t\t\t\t\t\t\t<div class=\"elementor-swiper-button elementor-swiper-button-prev\" role=\"button\" tabindex=\"0\">\n\t\t\t\t\t\t<svg aria-hidden=\"true\" class=\"e-font-icon-svg e-eicon-chevron-left\" viewbox=\"0 0 1000 1000\" xmlns=\"http:\/\/www.w3.org\/2000\/svg\"><path d=\"M646 125C629 125 613 133 604 142L308 442C296 454 292 471 292 487 292 504 296 521 308 533L604 854C617 867 629 875 646 875 663 875 679 871 692 858 704 846 713 829 713 812 713 796 708 779 692 767L438 487 692 225C700 217 708 204 708 187 708 171 704 154 692 142 675 129 663 125 646 125Z\"><\/path><\/svg>\t\t\t\t\t<\/div>\n\t\t\t\t\t<div class=\"elementor-swiper-button elementor-swiper-button-next\" role=\"button\" tabindex=\"0\">\n\t\t\t\t\t\t<svg aria-hidden=\"true\" class=\"e-font-icon-svg e-eicon-chevron-right\" viewbox=\"0 0 1000 1000\" xmlns=\"http:\/\/www.w3.org\/2000\/svg\"><path d=\"M696 533C708 521 713 504 713 487 713 471 708 454 696 446L400 146C388 133 375 125 354 125 338 125 325 129 313 142 300 154 292 171 292 187 292 204 296 221 308 233L563 492 304 771C292 783 288 800 288 817 288 833 296 850 308 863 321 871 338 875 354 875 371 875 388 867 400 854L696 533Z\"><\/path><\/svg>\t\t\t\t\t<\/div>\n\t\t\t\t\n\t\t\t\t\t\t\t\t\t<div class=\"swiper-pagination\"><\/div>\n\t\t\t\t\t\t\t\t\t<\/div>\n\t\t\t\t\t\t<\/div>\n\t\t\t\t<\/div>\n\t\t\t\t\t<\/div>\n\t\t\t\t<\/div>\n\t\t\t\t\t<\/div>\n\t\t\t\t<\/div>\n\t\t<div class=\"elementor-element elementor-element-664fccf5 e-flex e-con-boxed e-con e-parent\" data-id=\"664fccf5\" data-element_type=\"container\" data-e-type=\"container\" data-settings=\"{&quot;background_background&quot;:&quot;classic&quot;}\">\n\t\t\t\t\t<div class=\"e-con-inner\">\n\t\t<div class=\"elementor-element elementor-element-1d30e9bb e-con-full e-flex e-con e-child\" data-id=\"1d30e9bb\" data-element_type=\"container\" data-e-type=\"container\">\n\t\t<div class=\"elementor-element elementor-element-6fac2c5c e-con-full e-flex e-con e-child\" data-id=\"6fac2c5c\" data-element_type=\"container\" data-e-type=\"container\">\n\t\t\t\t<div class=\"elementor-element elementor-element-139e1743 elementor-widget elementor-widget-heading\" data-id=\"139e1743\" data-element_type=\"widget\" data-e-type=\"widget\" data-widget_type=\"heading.default\">\n\t\t\t\t<div class=\"elementor-widget-container\">\n\t\t\t\t\t<h2 class=\"elementor-heading-title elementor-size-default\">Reykjavik University<\/h2>\t\t\t\t<\/div>\n\t\t\t\t<\/div>\n\t\t\t\t<div class=\"elementor-element elementor-element-5c828e63 elementor-widget elementor-widget-text-editor\" data-id=\"5c828e63\" data-element_type=\"widget\" data-e-type=\"widget\" data-widget_type=\"text-editor.default\">\n\t\t\t\t<div class=\"elementor-widget-container\">\n\t\t\t\t\t\t\t\t\t<p>This project was carried out under very demanding circumstances; a large part of the operations took place in the midst of the 2008 economic collapse, requiring various methods to bring it to fruition. G\u00edsli R\u00fanar worked on this project initially as an assistant project manager and later as the project manager.<\/p>\t\t\t\t\t\t\t\t<\/div>\n\t\t\t\t<\/div>\n\t\t\t\t<\/div>\n\t\t\t\t<\/div>\n\t\t<div class=\"elementor-element elementor-element-b7f3ce6 e-con-full e-flex e-con e-child\" data-id=\"b7f3ce6\" data-element_type=\"container\" data-e-type=\"container\">\n\t\t\t\t<div class=\"elementor-element elementor-element-4c4f9bc2 elementor-widget elementor-widget-image\" data-id=\"4c4f9bc2\" data-element_type=\"widget\" data-e-type=\"widget\" data-widget_type=\"image.default\">\n\t\t\t\t<div class=\"elementor-widget-container\">\n\t\t\t\t\t\t\t\t\t\t\t\t\t\t\t<img fetchpriority=\"high\" decoding=\"async\" width=\"680\" height=\"453\" src=\"https:\/\/byggdaverk.is\/wp-content\/uploads\/2024\/03\/Haskoli-Reykavikur.jpg\" class=\"attachment-large size-large wp-image-50\" alt=\"\" srcset=\"https:\/\/byggdaverk.is\/wp-content\/uploads\/2024\/03\/Haskoli-Reykavikur.jpg 680w, https:\/\/byggdaverk.is\/wp-content\/uploads\/2024\/03\/Haskoli-Reykavikur-300x200.jpg 300w, https:\/\/byggdaverk.is\/wp-content\/uploads\/2024\/03\/Haskoli-Reykavikur-18x12.jpg 18w\" sizes=\"(max-width: 680px) 100vw, 680px\" \/>\t\t\t\t\t\t\t\t\t\t\t\t\t\t\t<\/div>\n\t\t\t\t<\/div>\n\t\t\t\t<\/div>\n\t\t\t\t\t<\/div>\n\t\t\t\t<\/div>\n\t\t<div class=\"elementor-element elementor-element-a06165 elementor-hidden-mobile e-flex e-con-boxed e-con e-parent\" data-id=\"a06165\" data-element_type=\"container\" data-e-type=\"container\" data-settings=\"{&quot;background_background&quot;:&quot;classic&quot;}\">\n\t\t\t\t\t<div class=\"e-con-inner\">\n\t\t<div class=\"elementor-element elementor-element-46fe4e0 e-con-full e-flex e-con e-child\" data-id=\"46fe4e0\" data-element_type=\"container\" data-e-type=\"container\">\n\t\t\t\t<div class=\"elementor-element elementor-element-3a140d7b elementor-widget elementor-widget-image\" data-id=\"3a140d7b\" data-element_type=\"widget\" data-e-type=\"widget\" data-widget_type=\"image.default\">\n\t\t\t\t<div class=\"elementor-widget-container\">\n\t\t\t\t\t\t\t\t\t\t\t\t\t\t\t<img decoding=\"async\" width=\"800\" height=\"449\" src=\"https:\/\/byggdaverk.is\/wp-content\/uploads\/2024\/03\/THeistareykir-Jardvarmavirkjun-1024x575.jpg\" class=\"attachment-large size-large wp-image-51\" alt=\"\" srcset=\"https:\/\/byggdaverk.is\/wp-content\/uploads\/2024\/03\/THeistareykir-Jardvarmavirkjun-1024x575.jpg 1024w, https:\/\/byggdaverk.is\/wp-content\/uploads\/2024\/03\/THeistareykir-Jardvarmavirkjun-300x168.jpg 300w, https:\/\/byggdaverk.is\/wp-content\/uploads\/2024\/03\/THeistareykir-Jardvarmavirkjun-768x431.jpg 768w, https:\/\/byggdaverk.is\/wp-content\/uploads\/2024\/03\/THeistareykir-Jardvarmavirkjun-18x10.jpg 18w, https:\/\/byggdaverk.is\/wp-content\/uploads\/2024\/03\/THeistareykir-Jardvarmavirkjun.jpg 1514w\" sizes=\"(max-width: 800px) 100vw, 800px\" \/>\t\t\t\t\t\t\t\t\t\t\t\t\t\t\t<\/div>\n\t\t\t\t<\/div>\n\t\t\t\t<\/div>\n\t\t<div class=\"elementor-element elementor-element-7dcecf6d e-con-full e-flex e-con e-child\" data-id=\"7dcecf6d\" data-element_type=\"container\" data-e-type=\"container\">\n\t\t<div class=\"elementor-element elementor-element-73abbb49 e-con-full e-flex e-con e-child\" data-id=\"73abbb49\" data-element_type=\"container\" data-e-type=\"container\">\n\t\t\t\t<div class=\"elementor-element elementor-element-1ba341f4 elementor-widget elementor-widget-heading\" data-id=\"1ba341f4\" data-element_type=\"widget\" data-e-type=\"widget\" data-widget_type=\"heading.default\">\n\t\t\t\t<div class=\"elementor-widget-container\">\n\t\t\t\t\t<h2 class=\"elementor-heading-title elementor-size-default\">\u00deeistareykir - Geothermal Station<\/h2>\t\t\t\t<\/div>\n\t\t\t\t<\/div>\n\t\t\t\t<div class=\"elementor-element elementor-element-64b98047 elementor-widget elementor-widget-text-editor\" data-id=\"64b98047\" data-element_type=\"widget\" data-e-type=\"widget\" data-widget_type=\"text-editor.default\">\n\t\t\t\t<div class=\"elementor-widget-container\">\n\t\t\t\t\t\t\t\t\t<p>G\u00edsli R\u00fanar worked on the project as the project manager for the construction of structures in the area. Construction of structures in the highlands of Iceland, when work is carried out year-round, is a demanding project, requiring solutions to very diverse conditions.<\/p>\t\t\t\t\t\t\t\t<\/div>\n\t\t\t\t<\/div>\n\t\t\t\t<\/div>\n\t\t\t\t<\/div>\n\t\t\t\t\t<\/div>\n\t\t\t\t<\/div>\n\t\t<div class=\"elementor-element elementor-element-1c7ba5be elementor-hidden-desktop elementor-hidden-tablet e-flex e-con-boxed e-con e-parent\" data-id=\"1c7ba5be\" data-element_type=\"container\" data-e-type=\"container\" data-settings=\"{&quot;background_background&quot;:&quot;classic&quot;}\">\n\t\t\t\t\t<div class=\"e-con-inner\">\n\t\t<div class=\"elementor-element elementor-element-1f43223d e-con-full e-flex e-con e-child\" data-id=\"1f43223d\" data-element_type=\"container\" data-e-type=\"container\">\n\t\t<div class=\"elementor-element elementor-element-4d4aff86 e-con-full e-flex e-con e-child\" data-id=\"4d4aff86\" data-element_type=\"container\" data-e-type=\"container\">\n\t\t\t\t<div class=\"elementor-element elementor-element-356a0dac elementor-widget elementor-widget-heading\" data-id=\"356a0dac\" data-element_type=\"widget\" data-e-type=\"widget\" data-widget_type=\"heading.default\">\n\t\t\t\t<div class=\"elementor-widget-container\">\n\t\t\t\t\t<h2 class=\"elementor-heading-title elementor-size-default\">\u00deeistareykir - Geothermal Station<\/h2>\t\t\t\t<\/div>\n\t\t\t\t<\/div>\n\t\t\t\t<div class=\"elementor-element elementor-element-39639b51 elementor-widget elementor-widget-text-editor\" data-id=\"39639b51\" data-element_type=\"widget\" data-e-type=\"widget\" data-widget_type=\"text-editor.default\">\n\t\t\t\t<div class=\"elementor-widget-container\">\n\t\t\t\t\t\t\t\t\t<p>G\u00edsli R\u00fanar vann \u00ed \u00fev\u00ed verkefni sem verkefnastj\u00f3ri vi\u00f0 byggingu mannvirkja \u00e1 sv\u00e6\u00f0inu. Bygging mannvirkja \u00e1 h\u00e1lendi \u00cdslands \u00feegar unni\u00f0 er allt \u00e1ri\u00f0i um kring er krefjandi verkefni\u00a0 sem krefst \u00feess a\u00f0 finna lausnir vi\u00f0 mj\u00f6g mismunandi a\u00f0st\u00e6\u00f0ur.<\/p>\t\t\t\t\t\t\t\t<\/div>\n\t\t\t\t<\/div>\n\t\t\t\t<\/div>\n\t\t\t\t<\/div>\n\t\t<div class=\"elementor-element elementor-element-95b3eae e-con-full e-flex e-con e-child\" data-id=\"95b3eae\" data-element_type=\"container\" data-e-type=\"container\">\n\t\t\t\t<div class=\"elementor-element elementor-element-4c6c42af elementor-widget elementor-widget-image\" data-id=\"4c6c42af\" data-element_type=\"widget\" data-e-type=\"widget\" data-widget_type=\"image.default\">\n\t\t\t\t<div class=\"elementor-widget-container\">\n\t\t\t\t\t\t\t\t\t\t\t\t\t\t\t<img decoding=\"async\" width=\"800\" height=\"449\" src=\"https:\/\/byggdaverk.is\/wp-content\/uploads\/2024\/03\/THeistareykir-Jardvarmavirkjun-1024x575.jpg\" class=\"attachment-large size-large wp-image-51\" alt=\"\" srcset=\"https:\/\/byggdaverk.is\/wp-content\/uploads\/2024\/03\/THeistareykir-Jardvarmavirkjun-1024x575.jpg 1024w, https:\/\/byggdaverk.is\/wp-content\/uploads\/2024\/03\/THeistareykir-Jardvarmavirkjun-300x168.jpg 300w, https:\/\/byggdaverk.is\/wp-content\/uploads\/2024\/03\/THeistareykir-Jardvarmavirkjun-768x431.jpg 768w, https:\/\/byggdaverk.is\/wp-content\/uploads\/2024\/03\/THeistareykir-Jardvarmavirkjun-18x10.jpg 18w, https:\/\/byggdaverk.is\/wp-content\/uploads\/2024\/03\/THeistareykir-Jardvarmavirkjun.jpg 1514w\" sizes=\"(max-width: 800px) 100vw, 800px\" \/>\t\t\t\t\t\t\t\t\t\t\t\t\t\t\t<\/div>\n\t\t\t\t<\/div>\n\t\t\t\t<\/div>\n\t\t\t\t\t<\/div>\n\t\t\t\t<\/div>\n\t\t<div class=\"elementor-element elementor-element-5ab51c6 e-flex e-con-boxed e-con e-parent\" data-id=\"5ab51c6\" data-element_type=\"container\" data-e-type=\"container\" data-settings=\"{&quot;background_background&quot;:&quot;classic&quot;}\">\n\t\t\t\t\t<div class=\"e-con-inner\">\n\t\t<div class=\"elementor-element elementor-element-642d8f26 e-con-full e-flex e-con e-child\" data-id=\"642d8f26\" data-element_type=\"container\" data-e-type=\"container\">\n\t\t<div class=\"elementor-element elementor-element-75a29047 e-con-full e-flex e-con e-child\" data-id=\"75a29047\" data-element_type=\"container\" data-e-type=\"container\">\n\t\t\t\t<div class=\"elementor-element elementor-element-3daff4d8 elementor-widget elementor-widget-heading\" data-id=\"3daff4d8\" data-element_type=\"widget\" data-e-type=\"widget\" data-widget_type=\"heading.default\">\n\t\t\t\t<div class=\"elementor-widget-container\">\n\t\t\t\t\t<h2 class=\"elementor-heading-title elementor-size-default\">Birkihl\u00ed\u00f0 5 and 16<\/h2>\t\t\t\t<\/div>\n\t\t\t\t<\/div>\n\t\t\t\t<div class=\"elementor-element elementor-element-6269639 elementor-widget elementor-widget-text-editor\" data-id=\"6269639\" data-element_type=\"widget\" data-e-type=\"widget\" data-widget_type=\"text-editor.default\">\n\t\t\t\t<div class=\"elementor-widget-container\">\n\t\t\t\t\t\t\t\t\t<p>Beautiful year-round houses that were built in Hvalfjar\u00f0arsveit. Bygg\u00f0averk was responsible for construction management and provided assistance in the design of the project.\u00a0<\/p>\t\t\t\t\t\t\t\t<\/div>\n\t\t\t\t<\/div>\n\t\t\t\t<\/div>\n\t\t\t\t<\/div>\n\t\t<div class=\"elementor-element elementor-element-447b2354 e-con-full e-flex e-con e-child\" data-id=\"447b2354\" data-element_type=\"container\" data-e-type=\"container\">\n\t\t\t\t<div class=\"elementor-element elementor-element-10e096bb elementor-widget elementor-widget-image\" data-id=\"10e096bb\" data-element_type=\"widget\" data-e-type=\"widget\" data-widget_type=\"image.default\">\n\t\t\t\t<div class=\"elementor-widget-container\">\n\t\t\t\t\t\t\t\t\t\t\t\t\t\t\t<img decoding=\"async\" width=\"800\" height=\"534\" src=\"https:\/\/byggdaverk.is\/wp-content\/uploads\/2024\/03\/Birkihlid-1024x683.webp\" class=\"attachment-large size-large wp-image-52\" alt=\"\" srcset=\"https:\/\/byggdaverk.is\/wp-content\/uploads\/2024\/03\/Birkihlid-1024x683.webp 1024w, https:\/\/byggdaverk.is\/wp-content\/uploads\/2024\/03\/Birkihlid-300x200.webp 300w, https:\/\/byggdaverk.is\/wp-content\/uploads\/2024\/03\/Birkihlid-768x512.webp 768w, https:\/\/byggdaverk.is\/wp-content\/uploads\/2024\/03\/Birkihlid-18x12.webp 18w, https:\/\/byggdaverk.is\/wp-content\/uploads\/2024\/03\/Birkihlid.webp 1200w\" sizes=\"(max-width: 800px) 100vw, 800px\" \/>\t\t\t\t\t\t\t\t\t\t\t\t\t\t\t<\/div>\n\t\t\t\t<\/div>\n\t\t\t\t<\/div>\n\t\t\t\t\t<\/div>\n\t\t\t\t<\/div>\n\t\t<div class=\"elementor-element elementor-element-69c548fb elementor-hidden-mobile e-flex e-con-boxed e-con e-parent\" data-id=\"69c548fb\" data-element_type=\"container\" data-e-type=\"container\" data-settings=\"{&quot;background_background&quot;:&quot;classic&quot;}\">\n\t\t\t\t\t<div class=\"e-con-inner\">\n\t\t<div class=\"elementor-element elementor-element-4b95295d e-con-full e-flex e-con e-child\" data-id=\"4b95295d\" data-element_type=\"container\" data-e-type=\"container\">\n\t\t\t\t<div class=\"elementor-element elementor-element-69beb8ba elementor-widget elementor-widget-image\" data-id=\"69beb8ba\" data-element_type=\"widget\" data-e-type=\"widget\" data-widget_type=\"image.default\">\n\t\t\t\t<div class=\"elementor-widget-container\">\n\t\t\t\t\t\t\t\t\t\t\t\t\t\t\t<img loading=\"lazy\" decoding=\"async\" width=\"800\" height=\"360\" src=\"https:\/\/byggdaverk.is\/wp-content\/uploads\/2024\/03\/IMG_20220704_094153-scaled-1-1024x461.jpg\" class=\"attachment-large size-large wp-image-26\" alt=\"\" srcset=\"https:\/\/byggdaverk.is\/wp-content\/uploads\/2024\/03\/IMG_20220704_094153-scaled-1-1024x461.jpg 1024w, https:\/\/byggdaverk.is\/wp-content\/uploads\/2024\/03\/IMG_20220704_094153-scaled-1-300x135.jpg 300w, https:\/\/byggdaverk.is\/wp-content\/uploads\/2024\/03\/IMG_20220704_094153-scaled-1-768x346.jpg 768w, https:\/\/byggdaverk.is\/wp-content\/uploads\/2024\/03\/IMG_20220704_094153-scaled-1-1536x691.jpg 1536w, https:\/\/byggdaverk.is\/wp-content\/uploads\/2024\/03\/IMG_20220704_094153-scaled-1-2048x922.jpg 2048w, https:\/\/byggdaverk.is\/wp-content\/uploads\/2024\/03\/IMG_20220704_094153-scaled-1-18x8.jpg 18w\" sizes=\"(max-width: 800px) 100vw, 800px\" \/>\t\t\t\t\t\t\t\t\t\t\t\t\t\t\t<\/div>\n\t\t\t\t<\/div>\n\t\t\t\t<\/div>\n\t\t<div class=\"elementor-element elementor-element-7396fd9b e-con-full e-flex e-con e-child\" data-id=\"7396fd9b\" data-element_type=\"container\" data-e-type=\"container\">\n\t\t<div class=\"elementor-element elementor-element-79fb348c e-con-full e-flex e-con e-child\" data-id=\"79fb348c\" data-element_type=\"container\" data-e-type=\"container\">\n\t\t\t\t<div class=\"elementor-element elementor-element-232da086 elementor-widget elementor-widget-heading\" data-id=\"232da086\" data-element_type=\"widget\" data-e-type=\"widget\" data-widget_type=\"heading.default\">\n\t\t\t\t<div class=\"elementor-widget-container\">\n\t\t\t\t\t<h2 class=\"elementor-heading-title elementor-size-default\">Aircraft Hangar - Keflav\u00edk (NAVFAC)<\/h2>\t\t\t\t<\/div>\n\t\t\t\t<\/div>\n\t\t\t\t<div class=\"elementor-element elementor-element-65667a9b elementor-widget elementor-widget-text-editor\" data-id=\"65667a9b\" data-element_type=\"widget\" data-e-type=\"widget\" data-widget_type=\"text-editor.default\">\n\t\t\t\t<div class=\"elementor-widget-container\">\n\t\t\t\t\t\t\t\t\t<p>Significant changes were made to the hangar for use by rescue aircraft, along with a washing station for the mentioned machines. G\u00edsli R\u00fanar worked as a quality manager on this project.<\/p>\t\t\t\t\t\t\t\t<\/div>\n\t\t\t\t<\/div>\n\t\t\t\t<\/div>\n\t\t\t\t<\/div>\n\t\t\t\t\t<\/div>\n\t\t\t\t<\/div>\n\t\t<div class=\"elementor-element elementor-element-392de65a elementor-hidden-desktop elementor-hidden-tablet e-flex e-con-boxed e-con e-parent\" data-id=\"392de65a\" data-element_type=\"container\" data-e-type=\"container\" data-settings=\"{&quot;background_background&quot;:&quot;classic&quot;}\">\n\t\t\t\t\t<div class=\"e-con-inner\">\n\t\t<div class=\"elementor-element elementor-element-112c7b4b e-con-full e-flex e-con e-child\" data-id=\"112c7b4b\" data-element_type=\"container\" data-e-type=\"container\">\n\t\t<div class=\"elementor-element elementor-element-47abcd5d e-con-full e-flex e-con e-child\" data-id=\"47abcd5d\" data-element_type=\"container\" data-e-type=\"container\">\n\t\t\t\t<div class=\"elementor-element elementor-element-4d1e0c0 elementor-widget elementor-widget-heading\" data-id=\"4d1e0c0\" data-element_type=\"widget\" data-e-type=\"widget\" data-widget_type=\"heading.default\">\n\t\t\t\t<div class=\"elementor-widget-container\">\n\t\t\t\t\t<h2 class=\"elementor-heading-title elementor-size-default\">Aircraft Hangar - Keflav\u00edk (NAVFAC)<\/h2>\t\t\t\t<\/div>\n\t\t\t\t<\/div>\n\t\t\t\t<div class=\"elementor-element elementor-element-7ed7a1c2 elementor-widget elementor-widget-text-editor\" data-id=\"7ed7a1c2\" data-element_type=\"widget\" data-e-type=\"widget\" data-widget_type=\"text-editor.default\">\n\t\t\t\t<div class=\"elementor-widget-container\">\n\t\t\t\t\t\t\t\t\t<p>Vi\u00f0amiklar breytingar \u00e1 flugsk\u00fdli til notkunar fyrir ratsj\u00e1r flugv\u00e9lar. \u00c1samt \u00fevotta st\u00f6\u00f0 fyrir umr\u00e6ddar v\u00e9lar. GRR vann sem g\u00e6\u00f0astj\u00f3ri vi\u00f0 \u00feetta verkefni.<\/p>\t\t\t\t\t\t\t\t<\/div>\n\t\t\t\t<\/div>\n\t\t\t\t<\/div>\n\t\t\t\t<\/div>\n\t\t<div class=\"elementor-element elementor-element-26df4183 e-con-full e-flex e-con e-child\" data-id=\"26df4183\" data-element_type=\"container\" data-e-type=\"container\">\n\t\t\t\t<div class=\"elementor-element elementor-element-a085b6 elementor-widget elementor-widget-image\" data-id=\"a085b6\" data-element_type=\"widget\" data-e-type=\"widget\" data-widget_type=\"image.default\">\n\t\t\t\t<div class=\"elementor-widget-container\">\n\t\t\t\t\t\t\t\t\t\t\t\t\t\t\t<img loading=\"lazy\" decoding=\"async\" width=\"800\" height=\"360\" src=\"https:\/\/byggdaverk.is\/wp-content\/uploads\/2024\/03\/IMG_20220704_094153-scaled-1-1024x461.jpg\" class=\"attachment-large size-large wp-image-26\" alt=\"\" srcset=\"https:\/\/byggdaverk.is\/wp-content\/uploads\/2024\/03\/IMG_20220704_094153-scaled-1-1024x461.jpg 1024w, https:\/\/byggdaverk.is\/wp-content\/uploads\/2024\/03\/IMG_20220704_094153-scaled-1-300x135.jpg 300w, https:\/\/byggdaverk.is\/wp-content\/uploads\/2024\/03\/IMG_20220704_094153-scaled-1-768x346.jpg 768w, https:\/\/byggdaverk.is\/wp-content\/uploads\/2024\/03\/IMG_20220704_094153-scaled-1-1536x691.jpg 1536w, https:\/\/byggdaverk.is\/wp-content\/uploads\/2024\/03\/IMG_20220704_094153-scaled-1-2048x922.jpg 2048w, https:\/\/byggdaverk.is\/wp-content\/uploads\/2024\/03\/IMG_20220704_094153-scaled-1-18x8.jpg 18w\" sizes=\"(max-width: 800px) 100vw, 800px\" \/>\t\t\t\t\t\t\t\t\t\t\t\t\t\t\t<\/div>\n\t\t\t\t<\/div>\n\t\t\t\t<\/div>\n\t\t\t\t\t<\/div>\n\t\t\t\t<\/div>\n\t\t\t\t<\/div>","protected":false},"excerpt":{"rendered":"<p>Verkefni H\u00e1sk\u00f3linn \u00ed Reykjav\u00edk \u00deetta verkefni var unni\u00f0 vi\u00f0 mj\u00f6g krefjandi a\u00f0st\u00e6\u00f0ur, st\u00f3r hluti framkv\u00e6mda f\u00f3r fram \u00ed mi\u00f0ju hruninu 2008 og \u00fev\u00ed \u00feurfti a\u00f0 beita \u00fdmsum a\u00f0fer\u00f0um til a\u00f0\u00a0 koma \u00fev\u00ed \u00ed h\u00f6fn. G\u00edsli R\u00fanar vann vi\u00f0 \u00feetta verkefni sem a\u00f0sto\u00f0arverkefnisstj\u00f3ri og s\u00ed\u00f0ar sem verkefnastj\u00f3ri. \u00deeistareykir &#8211; Jar\u00f0varmavirkjun G\u00edsli R\u00fanar vann \u00ed \u00fev\u00ed verkefni [&hellip;]<\/p>\n","protected":false},"author":1,"featured_media":0,"parent":0,"menu_order":0,"comment_status":"closed","ping_status":"open","template":"elementor_header_footer","meta":{"footnotes":""},"class_list":["post-43","page","type-page","status-publish","hentry"],"_links":{"self":[{"href":"https:\/\/byggdaverk.is\/en\/wp-json\/wp\/v2\/pages\/43","targetHints":{"allow":["GET"]}}],"collection":[{"href":"https:\/\/byggdaverk.is\/en\/wp-json\/wp\/v2\/pages"}],"about":[{"href":"https:\/\/byggdaverk.is\/en\/wp-json\/wp\/v2\/types\/page"}],"author":[{"embeddable":true,"href":"https:\/\/byggdaverk.is\/en\/wp-json\/wp\/v2\/users\/1"}],"replies":[{"embeddable":true,"href":"https:\/\/byggdaverk.is\/en\/wp-json\/wp\/v2\/comments?post=43"}],"version-history":[{"count":16,"href":"https:\/\/byggdaverk.is\/en\/wp-json\/wp\/v2\/pages\/43\/revisions"}],"predecessor-version":[{"id":168,"href":"https:\/\/byggdaverk.is\/en\/wp-json\/wp\/v2\/pages\/43\/revisions\/168"}],"wp:attachment":[{"href":"https:\/\/byggdaverk.is\/en\/wp-json\/wp\/v2\/media?parent=43"}],"curies":[{"name":"wp","href":"https:\/\/api.w.org\/{rel}","templated":true}]}}